{"id":312,"date":"2026-04-09T22:37:30","date_gmt":"2026-04-09T21:37:30","guid":{"rendered":"https:\/\/minigolf-fellbach.de\/?page_id=312"},"modified":"2026-04-09T22:44:11","modified_gmt":"2026-04-09T21:44:11","slug":"aktuelles-2","status":"publish","type":"page","link":"https:\/\/minigolf-fellbach.de\/?page_id=312","title":{"rendered":"Aktuelles"},"content":{"rendered":"\n<div class=\"wp-block-group has-border-color has-vivid-green-cyan-border-color is-layout-constrained wp-container-core-group-is-layout-c385debf wp-block-group-is-layout-constrained\" style=\"padding-top:var(--wp--preset--spacing--20);padding-right:var(--wp--preset--spacing--20);padding-bottom:var(--wp--preset--spacing--20);padding-left:var(--wp--preset--spacing--20);box-shadow:var(--wp--preset--shadow--natural)\"><div id=\"bdpp-post-list-1\" class=\"bdpp-wrap bdpp-lite bdpp-post-list-wrap bdpp-post-data-wrap bdpp-design-1 bdpp-layout-311 bdpp-clearfix\">\r\n\t<div class=\"bdpp-post-list-inr-wrap bdpp-post-data-inr-wrap bdpp-clearfix\"><div class=\"bdpp-post-list-main bdpp-post-295 bdpp-post-standard bdpp-has-thumb\">\r\n\t<div class=\"bdpp-post-list-content bdpp-clearfix\">\r\n\t\t\t\t<div class=\"bdpp-post-list-left bdpp-col-2 bdpp-columns\">\r\n\t\t\t<div class=\"bdpp-post-img-bg\">\r\n\t\t\t\t<a href=\"https:\/\/minigolf-fellbach.de\/?p=295\">\r\n\t\t\t\t\t<img decoding=\"async\" src=\"https:\/\/minigolf-fellbach.de\/wp-content\/uploads\/2026\/04\/IMG-20260404-WA0002-e1775766862284-640x480.jpg\" class=\"bdpp-img bdpp-post-feat-img\" alt=\"Wir sind zur\u00fcck aus der Winterpause\" \/>\r\n\t\t\t\t\t\t\t\t\t<\/a>\r\n\t\t\t<\/div>\r\n\t\t<\/div>\r\n\t\t\r\n\t\t<div class=\"bdpp-post-list-right bdpp-col-2 bdpp-columns\">\r\n\t\t\t\r\n\t\t\t<h2 class=\"bdpp-post-title\">\r\n\t\t\t\t<a href=\"https:\/\/minigolf-fellbach.de\/?p=295\">Wir sind zur\u00fcck aus der Winterpause<\/a>\r\n\t\t\t<\/h2>\r\n\r\n\t\t\t\t\t\t<div class=\"bdpp-post-meta bdpp-post-meta-up\">\r\n\t\t\t\t<span class=\"bdpp-post-meta-data bdpp-post-date\"><i class=\"bdpp-fa fa-regular fa-clock\"><\/i>09.04.2026<\/span>\t\t\t<\/div>\r\n\t\t\t\t\t\t<div class=\"bdpp-post-content\">\r\n\t\t\t\t<div class=\"bdpp-post-desc\">Nach einer langen Winterpause ist es endlich so weit: Unser Minigolfclub hat wieder ge\u00f6ffnet! Mit den ersten warmen Sonnenstrahlen und frisch gepflegten Bahnen freuen wir uns riesig, euch zur\u00fcck auf unserer Anlage begr\u00fc\u00dfen zu d\u00fcrfen....<\/div>\r\n\t\t\t\t\t\t\t\t\t<a href=\"https:\/\/minigolf-fellbach.de\/?p=295\" class=\"bdpp-rdmr-btn\">Weiterlesen<\/a>\r\n\t\t\t\t\t\t\t<\/div>\r\n\t\t\t\t\t<\/div>\r\n\t<\/div>\r\n<\/div><div class=\"bdpp-post-list-main bdpp-post-277 bdpp-post-standard bdpp-has-thumb\">\r\n\t<div class=\"bdpp-post-list-content bdpp-clearfix\">\r\n\t\t\t\t<div class=\"bdpp-post-list-left bdpp-col-2 bdpp-columns\">\r\n\t\t\t<div class=\"bdpp-post-img-bg\">\r\n\t\t\t\t<a href=\"https:\/\/minigolf-fellbach.de\/?p=277\">\r\n\t\t\t\t\t<img decoding=\"async\" src=\"https:\/\/minigolf-fellbach.de\/wp-content\/uploads\/2026\/03\/IMG_20260310_193857-640x480.png\" class=\"bdpp-img bdpp-post-feat-img\" alt=\"Saison Er\u00f6ffnung\" \/>\r\n\t\t\t\t\t\t\t\t\t<\/a>\r\n\t\t\t<\/div>\r\n\t\t<\/div>\r\n\t\t\r\n\t\t<div class=\"bdpp-post-list-right bdpp-col-2 bdpp-columns\">\r\n\t\t\t\r\n\t\t\t<h2 class=\"bdpp-post-title\">\r\n\t\t\t\t<a href=\"https:\/\/minigolf-fellbach.de\/?p=277\">Saison Er\u00f6ffnung<\/a>\r\n\t\t\t<\/h2>\r\n\r\n\t\t\t\t\t\t<div class=\"bdpp-post-meta bdpp-post-meta-up\">\r\n\t\t\t\t<span class=\"bdpp-post-meta-data bdpp-post-date\"><i class=\"bdpp-fa fa-regular fa-clock\"><\/i>10.03.2026<\/span>\t\t\t<\/div>\r\n\t\t\t\t\t\t<div class=\"bdpp-post-content\">\r\n\t\t\t\t<div class=\"bdpp-post-desc\">Endlich ist es so weit: Am 03. April 2026 um 13 Uhr starten wir offiziell in die neue Minigolfsaison - und das m\u00f6chten wir gemeinsam mit euch feiern! Freut euch auf einen entspannten Nachmittag voller...<\/div>\r\n\t\t\t\t\t\t\t\t\t<a href=\"https:\/\/minigolf-fellbach.de\/?p=277\" class=\"bdpp-rdmr-btn\">Weiterlesen<\/a>\r\n\t\t\t\t\t\t\t<\/div>\r\n\t\t\t\t\t<\/div>\r\n\t<\/div>\r\n<\/div><div class=\"bdpp-post-list-main bdpp-post-63 bdpp-post-standard bdpp-has-thumb\">\r\n\t<div class=\"bdpp-post-list-content bdpp-clearfix\">\r\n\t\t\t\t<div class=\"bdpp-post-list-left bdpp-col-2 bdpp-columns\">\r\n\t\t\t<div class=\"bdpp-post-img-bg\">\r\n\t\t\t\t<a href=\"https:\/\/minigolf-fellbach.de\/?p=63\">\r\n\t\t\t\t\t<img decoding=\"async\" src=\"https:\/\/minigolf-fellbach.de\/wp-content\/uploads\/2026\/02\/IMG_20260106_181944-1-640x480.jpg\" class=\"bdpp-img bdpp-post-feat-img\" alt=\"Winterpause\" \/>\r\n\t\t\t\t\t\t\t\t\t<\/a>\r\n\t\t\t<\/div>\r\n\t\t<\/div>\r\n\t\t\r\n\t\t<div class=\"bdpp-post-list-right bdpp-col-2 bdpp-columns\">\r\n\t\t\t\r\n\t\t\t<h2 class=\"bdpp-post-title\">\r\n\t\t\t\t<a href=\"https:\/\/minigolf-fellbach.de\/?p=63\">Winterpause<\/a>\r\n\t\t\t<\/h2>\r\n\r\n\t\t\t\t\t\t<div class=\"bdpp-post-meta bdpp-post-meta-up\">\r\n\t\t\t\t<span class=\"bdpp-post-meta-data bdpp-post-date\"><i class=\"bdpp-fa fa-regular fa-clock\"><\/i>24.02.2026<\/span>\t\t\t<\/div>\r\n\t\t\t\t\t\t<div class=\"bdpp-post-content\">\r\n\t\t\t\t<div class=\"bdpp-post-desc\">Wir befinden uns bis einschlie\u00dflich 03.04.2026 in der Winterpause<\/div>\r\n\t\t\t\t\t\t\t\t\t<a href=\"https:\/\/minigolf-fellbach.de\/?p=63\" class=\"bdpp-rdmr-btn\">Weiterlesen<\/a>\r\n\t\t\t\t\t\t\t<\/div>\r\n\t\t\t\t\t<\/div>\r\n\t<\/div>\r\n<\/div>\t<\/div>\r\n\t<\/div>\n<\/div>\n\n\n\n<p><\/p>\n","protected":false},"excerpt":{"rendered":"","protected":false},"author":1,"featured_media":0,"parent":0,"menu_order":0,"comment_status":"closed","ping_status":"closed","template":"","meta":{"pgc_sgb_lightbox_settings":"","footnotes":""},"class_list":["post-312","page","type-page","status-publish","hentry"],"blocksy_meta":[],"_links":{"self":[{"href":"https:\/\/minigolf-fellbach.de\/index.php?rest_route=\/wp\/v2\/pages\/312","targetHints":{"allow":["GET"]}}],"collection":[{"href":"https:\/\/minigolf-fellbach.de\/index.php?rest_route=\/wp\/v2\/pages"}],"about":[{"href":"https:\/\/minigolf-fellbach.de\/index.php?rest_route=\/wp\/v2\/types\/page"}],"author":[{"embeddable":true,"href":"https:\/\/minigolf-fellbach.de\/index.php?rest_route=\/wp\/v2\/users\/1"}],"replies":[{"embeddable":true,"href":"https:\/\/minigolf-fellbach.de\/index.php?rest_route=%2Fwp%2Fv2%2Fcomments&post=312"}],"version-history":[{"count":3,"href":"https:\/\/minigolf-fellbach.de\/index.php?rest_route=\/wp\/v2\/pages\/312\/revisions"}],"predecessor-version":[{"id":315,"href":"https:\/\/minigolf-fellbach.de\/index.php?rest_route=\/wp\/v2\/pages\/312\/revisions\/315"}],"wp:attachment":[{"href":"https:\/\/minigolf-fellbach.de\/index.php?rest_route=%2Fwp%2Fv2%2Fmedia&parent=312"}],"curies":[{"name":"wp","href":"https:\/\/api.w.org\/{rel}","templated":true}]}}